{"id":4422,"date":"2025-12-01T16:21:52","date_gmt":"2025-12-02T00:21:52","guid":{"rendered":"https:\/\/shop.makario.com.mx\/?post_type=product&#038;p=4422"},"modified":"2025-12-10T19:02:42","modified_gmt":"2025-12-11T03:02:42","slug":"v60-negro-lumbre","status":"publish","type":"product","link":"https:\/\/shop.makario.com.mx\/en\/product\/v60-negro-lumbre\/","title":{"rendered":"V60 Black Flame"},"content":{"rendered":"<p>Disfruta de un caf\u00e9 filtrado perfecto con nuestro juego de dripper y jarra. El complemento ideal para aquellos que buscan un ritual de caf\u00e9 sin prisas. Capacidad: 18oz. 100% hecho a mano en cer\u00e1mica de alta temperatura. <strong>Nota:\u00a0<\/strong>Our pieces are made by hand, which is why variations can occur from piece to piece; whether in size, color, brightness or other; If you have doubts, we invite you to read our section on\u00a0<a href=\"https:\/\/shop.makario.com.mx\/en\/preguntas-frecuentes\/?v=0b98720dcb2c\">preguntas frecuentes<\/a>\u00a0or contact us.<\/p>","protected":false},"excerpt":{"rendered":"<p>Enjoy perfectly filtered coffee with our dripper and carafe set. The ideal complement for those who seek an unhurried coffee ritual.<\/p>\n<p>Capacity: 18oz<\/p>\n<p>100% handmade stoneware.<\/p>\n<p class=\"translation-block\"><span style=\"font-size: 13px\">Our pieces are made by hand, which is why variations can occur from piece to piece; whether in size, color, brightness or other; If you have questions, we invite you to read our <a href=\"https:\/\/shop.makario.com.mx\/en\/preguntas-frecuentes\/\" target=\"_self\">FAQ's<\/a> section\u00a0or contact us.<\/span><\/p>","protected":false},"featured_media":4423,"comment_status":"closed","ping_status":"closed","template":"","meta":[],"product_brand":[698],"product_cat":[552,526],"product_tag":[],"class_list":{"0":"post-4422","1":"product","2":"type-product","3":"status-publish","4":"has-post-thumbnail","6":"product_brand-makario-stoneware","7":"product_cat-jarras","8":"product_cat-tazas","10":"first","11":"instock","12":"shipping-taxable","13":"purchasable","14":"product-type-simple"},"_links":{"self":[{"href":"https:\/\/shop.makario.com.mx\/en\/wp-json\/wp\/v2\/product\/4422","targetHints":{"allow":["GET"]}}],"collection":[{"href":"https:\/\/shop.makario.com.mx\/en\/wp-json\/wp\/v2\/product"}],"about":[{"href":"https:\/\/shop.makario.com.mx\/en\/wp-json\/wp\/v2\/types\/product"}],"replies":[{"embeddable":true,"href":"https:\/\/shop.makario.com.mx\/en\/wp-json\/wp\/v2\/comments?post=4422"}],"wp:featuredmedia":[{"embeddable":true,"href":"https:\/\/shop.makario.com.mx\/en\/wp-json\/wp\/v2\/media\/4423"}],"wp:attachment":[{"href":"https:\/\/shop.makario.com.mx\/en\/wp-json\/wp\/v2\/media?parent=4422"}],"wp:term":[{"taxonomy":"product_brand","embeddable":true,"href":"https:\/\/shop.makario.com.mx\/en\/wp-json\/wp\/v2\/product_brand?post=4422"},{"taxonomy":"product_cat","embeddable":true,"href":"https:\/\/shop.makario.com.mx\/en\/wp-json\/wp\/v2\/product_cat?post=4422"},{"taxonomy":"product_tag","embeddable":true,"href":"https:\/\/shop.makario.com.mx\/en\/wp-json\/wp\/v2\/product_tag?post=4422"}],"curies":[{"name":"wp","href":"https:\/\/api.w.org\/{rel}","templated":true}]}}