{"id":4033,"date":"2025-11-06T10:05:15","date_gmt":"2025-11-06T18:05:15","guid":{"rendered":"https:\/\/shop.makario.com.mx\/?post_type=product&#038;p=4033"},"modified":"2025-12-26T17:09:40","modified_gmt":"2025-12-27T01:09:40","slug":"set-jarra-con-vasos","status":"publish","type":"product","link":"https:\/\/shop.makario.com.mx\/en\/product\/set-jarra-con-vasos\/","title":{"rendered":"V60 Set"},"content":{"rendered":"<p>Set V60 de edici\u00f3n limitada (3 juegos) de dise\u00f1o estilizado y contempor\u00e1neo, perfecto para preparar t\u00fa caf\u00e9 de las ma\u00f1anas en el hogar. Capacidad: Jarra 18oz | Taza: 10oz | Charola: 30x18cm 100% hecho a mano en cer\u00e1mica de alta temperatura. <strong>Nota:\u00a0<\/strong>Our pieces are made by hand, which is why variations can occur from piece to piece; whether in size, color, brightness or other; If you have doubts, we invite you to read our section on\u00a0<a href=\"https:\/\/shop.makario.com.mx\/en\/preguntas-frecuentes\/?v=0b98720dcb2c\">preguntas frecuentes<\/a>\u00a0or contact us.<\/p>","protected":false},"excerpt":{"rendered":"<p>Limited Edition V60 Set (3 sets) with a stylish and contemporary design, perfect for preparing your morning coffee at home.<\/p>\n<p>Capacity: Pitcher 18oz | Cup: 10oz | Tray: 30x18cm<\/p>\n<p>100% handmade stoneware.<\/p>\n<p class=\"translation-block\"><span style=\"font-size: 13px\">Our pieces are made by hand, which is why variations can occur from piece to piece; whether in size, color, brightness or other; If you have questions, we invite you to read our <a href=\"https:\/\/shop.makario.com.mx\/en\/preguntas-frecuentes\/\" target=\"_self\">FAQ's<\/a> section\u00a0or contact us.<\/span><\/p>","protected":false},"featured_media":4315,"comment_status":"closed","ping_status":"closed","template":"","meta":[],"product_brand":[698],"product_cat":[552,519,526],"product_tag":[],"class_list":{"0":"post-4033","1":"product","2":"type-product","3":"status-publish","4":"has-post-thumbnail","6":"product_brand-makario-stoneware","7":"product_cat-jarras","8":"product_cat-sobremesa","9":"product_cat-tazas","11":"first","12":"instock","13":"shipping-taxable","14":"purchasable","15":"product-type-simple"},"_links":{"self":[{"href":"https:\/\/shop.makario.com.mx\/en\/wp-json\/wp\/v2\/product\/4033","targetHints":{"allow":["GET"]}}],"collection":[{"href":"https:\/\/shop.makario.com.mx\/en\/wp-json\/wp\/v2\/product"}],"about":[{"href":"https:\/\/shop.makario.com.mx\/en\/wp-json\/wp\/v2\/types\/product"}],"replies":[{"embeddable":true,"href":"https:\/\/shop.makario.com.mx\/en\/wp-json\/wp\/v2\/comments?post=4033"}],"wp:featuredmedia":[{"embeddable":true,"href":"https:\/\/shop.makario.com.mx\/en\/wp-json\/wp\/v2\/media\/4315"}],"wp:attachment":[{"href":"https:\/\/shop.makario.com.mx\/en\/wp-json\/wp\/v2\/media?parent=4033"}],"wp:term":[{"taxonomy":"product_brand","embeddable":true,"href":"https:\/\/shop.makario.com.mx\/en\/wp-json\/wp\/v2\/product_brand?post=4033"},{"taxonomy":"product_cat","embeddable":true,"href":"https:\/\/shop.makario.com.mx\/en\/wp-json\/wp\/v2\/product_cat?post=4033"},{"taxonomy":"product_tag","embeddable":true,"href":"https:\/\/shop.makario.com.mx\/en\/wp-json\/wp\/v2\/product_tag?post=4033"}],"curies":[{"name":"wp","href":"https:\/\/api.w.org\/{rel}","templated":true}]}}