{"id":4006,"date":"2025-03-11T16:29:43","date_gmt":"2025-03-11T23:29:43","guid":{"rendered":"https:\/\/shop.makario.com.mx\/?post_type=product&#038;p=4006"},"modified":"2025-11-05T14:56:02","modified_gmt":"2025-11-05T22:56:02","slug":"v70","status":"publish","type":"product","link":"https:\/\/shop.makario.com.mx\/en\/product\/v70\/","title":{"rendered":"V70"},"content":{"rendered":"","protected":false},"excerpt":{"rendered":"<p data-start=\"535\" data-end=\"595\" data-is-last-node=\"\" data-is-only-node=\"\">Descubre el V70, el aliado perfecto para llevar tu caf\u00e9 al siguiente nivel. Su dise\u00f1o c\u00f3nico y elegante permite una extracci\u00f3n uniforme que resalta todos los sabores y aromas de cada grano. Ideal para quienes disfrutan de una experiencia \u00fanica y artesanal en cada taza.<\/p>\n<p>100% handmade stoneware.<\/p>\n<p class=\"translation-block\"><span style=\"font-size: 13px\">Our pieces are made by hand, which is why variations can occur from piece to piece; whether in size, color, brightness or other; If you have questions, we invite you to read our <a href=\"https:\/\/shop.makario.com.mx\/en\/preguntas-frecuentes\/\" target=\"_self\">FAQ's<\/a> section\u00a0or contact us.<\/span><\/p>","protected":false},"featured_media":4012,"comment_status":"closed","ping_status":"closed","template":"","meta":[],"product_brand":[],"product_cat":[526],"product_tag":[],"class_list":{"0":"post-4006","1":"product","2":"type-product","3":"status-publish","4":"has-post-thumbnail","6":"product_cat-tazas","8":"first","9":"instock","10":"shipping-taxable","11":"purchasable","12":"product-type-variable"},"_links":{"self":[{"href":"https:\/\/shop.makario.com.mx\/en\/wp-json\/wp\/v2\/product\/4006","targetHints":{"allow":["GET"]}}],"collection":[{"href":"https:\/\/shop.makario.com.mx\/en\/wp-json\/wp\/v2\/product"}],"about":[{"href":"https:\/\/shop.makario.com.mx\/en\/wp-json\/wp\/v2\/types\/product"}],"replies":[{"embeddable":true,"href":"https:\/\/shop.makario.com.mx\/en\/wp-json\/wp\/v2\/comments?post=4006"}],"wp:featuredmedia":[{"embeddable":true,"href":"https:\/\/shop.makario.com.mx\/en\/wp-json\/wp\/v2\/media\/4012"}],"wp:attachment":[{"href":"https:\/\/shop.makario.com.mx\/en\/wp-json\/wp\/v2\/media?parent=4006"}],"wp:term":[{"taxonomy":"product_brand","embeddable":true,"href":"https:\/\/shop.makario.com.mx\/en\/wp-json\/wp\/v2\/product_brand?post=4006"},{"taxonomy":"product_cat","embeddable":true,"href":"https:\/\/shop.makario.com.mx\/en\/wp-json\/wp\/v2\/product_cat?post=4006"},{"taxonomy":"product_tag","embeddable":true,"href":"https:\/\/shop.makario.com.mx\/en\/wp-json\/wp\/v2\/product_tag?post=4006"}],"curies":[{"name":"wp","href":"https:\/\/api.w.org\/{rel}","templated":true}]}}