{"id":2790,"date":"2023-04-06T14:57:38","date_gmt":"2023-04-06T21:57:38","guid":{"rendered":"https:\/\/shop.makario.com.mx\/?post_type=product&#038;p=2790"},"modified":"2023-11-02T16:12:19","modified_gmt":"2023-11-02T23:12:19","slug":"vajilla-jaspeado-rosa","status":"publish","type":"product","link":"https:\/\/shop.makario.com.mx\/en\/product\/vajilla-jaspeado-rosa\/","title":{"rendered":"Vajilla Jaspeado Rosa"},"content":{"rendered":"","protected":false},"excerpt":{"rendered":"<p>Elaborada en cer\u00e1mica de alta temperatura, esta vajilla est\u00e1 dise\u00f1ada para a\u00f1adir un toque de estilo y elegancia a tu mesa. Puede limpiarla f\u00e1cilmente en el lavavajillas, usarla en microondas e incluso en un horno convencional. Juego para 8 personas.<\/p>\n<p>Plato de 28cm | Plato de 22cm | Taz\u00f3n de 16oz | Vaso de 8oz<br \/>\n32 piezas.<\/p>\n<p>100% handmade stoneware.<\/p>\n<p class=\"translation-block\"><span style=\"font-size: 13px\">Our pieces are made by hand, which is why variations can occur from piece to piece; whether in size, color, brightness or other; If you have questions, we invite you to read our <a href=\"https:\/\/shop.makario.com.mx\/en\/preguntas-frecuentes\/\" target=\"_self\">FAQ's<\/a> section\u00a0or contact us.<\/span><\/p>","protected":false},"featured_media":2791,"comment_status":"closed","ping_status":"closed","template":"","meta":[],"product_brand":[],"product_cat":[519,533],"product_tag":[],"class_list":{"0":"post-2790","1":"product","2":"type-product","3":"status-publish","4":"has-post-thumbnail","6":"product_cat-sobremesa","7":"product_cat-vajilla","9":"first","10":"outofstock","11":"featured","12":"shipping-taxable","13":"purchasable","14":"product-type-simple"},"_links":{"self":[{"href":"https:\/\/shop.makario.com.mx\/en\/wp-json\/wp\/v2\/product\/2790","targetHints":{"allow":["GET"]}}],"collection":[{"href":"https:\/\/shop.makario.com.mx\/en\/wp-json\/wp\/v2\/product"}],"about":[{"href":"https:\/\/shop.makario.com.mx\/en\/wp-json\/wp\/v2\/types\/product"}],"replies":[{"embeddable":true,"href":"https:\/\/shop.makario.com.mx\/en\/wp-json\/wp\/v2\/comments?post=2790"}],"wp:featuredmedia":[{"embeddable":true,"href":"https:\/\/shop.makario.com.mx\/en\/wp-json\/wp\/v2\/media\/2791"}],"wp:attachment":[{"href":"https:\/\/shop.makario.com.mx\/en\/wp-json\/wp\/v2\/media?parent=2790"}],"wp:term":[{"taxonomy":"product_brand","embeddable":true,"href":"https:\/\/shop.makario.com.mx\/en\/wp-json\/wp\/v2\/product_brand?post=2790"},{"taxonomy":"product_cat","embeddable":true,"href":"https:\/\/shop.makario.com.mx\/en\/wp-json\/wp\/v2\/product_cat?post=2790"},{"taxonomy":"product_tag","embeddable":true,"href":"https:\/\/shop.makario.com.mx\/en\/wp-json\/wp\/v2\/product_tag?post=2790"}],"curies":[{"name":"wp","href":"https:\/\/api.w.org\/{rel}","templated":true}]}}