{"id":2388,"date":"2023-04-29T16:20:57","date_gmt":"2023-04-29T23:20:57","guid":{"rendered":"https:\/\/shop.makario.com.mx\/?post_type=product&#038;p=2388"},"modified":"2024-03-26T17:42:05","modified_gmt":"2024-03-27T00:42:05","slug":"vaso-recto-arena","status":"publish","type":"product","link":"https:\/\/shop.makario.com.mx\/en\/product\/vaso-recto-arena\/","title":{"rendered":"Vaso Recto Marmoleado"},"content":{"rendered":"","protected":false},"excerpt":{"rendered":"<p>El vaso imprescindible para todas tus bebidas refrescantes. Dise\u00f1ado con un efecto marmoleado, esta pieza es perfecta para disfrutar de tus bebidas fr\u00edas favoritas, tentadores c\u00f3cteles y mucho m\u00e1s.<\/p>\n<p>16oz capacity.<\/p>\n<p>100% handmade stoneware.<\/p>","protected":false},"featured_media":2865,"comment_status":"closed","ping_status":"closed","template":"","meta":[],"product_brand":[],"product_cat":[519,528],"product_tag":[],"class_list":{"0":"post-2388","1":"product","2":"type-product","3":"status-publish","4":"has-post-thumbnail","6":"product_cat-sobremesa","7":"product_cat-vasos","9":"first","10":"outofstock","11":"featured","12":"shipping-taxable","13":"purchasable","14":"product-type-simple"},"_links":{"self":[{"href":"https:\/\/shop.makario.com.mx\/en\/wp-json\/wp\/v2\/product\/2388","targetHints":{"allow":["GET"]}}],"collection":[{"href":"https:\/\/shop.makario.com.mx\/en\/wp-json\/wp\/v2\/product"}],"about":[{"href":"https:\/\/shop.makario.com.mx\/en\/wp-json\/wp\/v2\/types\/product"}],"replies":[{"embeddable":true,"href":"https:\/\/shop.makario.com.mx\/en\/wp-json\/wp\/v2\/comments?post=2388"}],"wp:featuredmedia":[{"embeddable":true,"href":"https:\/\/shop.makario.com.mx\/en\/wp-json\/wp\/v2\/media\/2865"}],"wp:attachment":[{"href":"https:\/\/shop.makario.com.mx\/en\/wp-json\/wp\/v2\/media?parent=2388"}],"wp:term":[{"taxonomy":"product_brand","embeddable":true,"href":"https:\/\/shop.makario.com.mx\/en\/wp-json\/wp\/v2\/product_brand?post=2388"},{"taxonomy":"product_cat","embeddable":true,"href":"https:\/\/shop.makario.com.mx\/en\/wp-json\/wp\/v2\/product_cat?post=2388"},{"taxonomy":"product_tag","embeddable":true,"href":"https:\/\/shop.makario.com.mx\/en\/wp-json\/wp\/v2\/product_tag?post=2388"}],"curies":[{"name":"wp","href":"https:\/\/api.w.org\/{rel}","templated":true}]}}