{"id":1661,"date":"2021-03-31T13:02:27","date_gmt":"2021-03-31T20:02:27","guid":{"rendered":"https:\/\/shop.makario.com.mx\/?post_type=product&#038;p=1661"},"modified":"2022-11-30T18:24:34","modified_gmt":"2022-12-01T02:24:34","slug":"vaso-recto-jaspeado","status":"publish","type":"product","link":"https:\/\/shop.makario.com.mx\/en\/product\/vaso-recto-jaspeado\/","title":{"rendered":"Vaso Recto Jaspeado"},"content":{"rendered":"","protected":false},"excerpt":{"rendered":"<p>Vaso para cualquier tu bebida preferida, desde caf\u00e9, t\u00e9 o agua fr\u00eda.<\/p>\n<p>Capacidad: 10 oz \/ pieza individual.<\/p>\n<p>100% handmade stoneware.<\/p>","protected":false},"featured_media":1662,"comment_status":"closed","ping_status":"closed","template":"","meta":[],"product_brand":[],"product_cat":[519,526,528],"product_tag":[],"class_list":{"0":"post-1661","1":"product","2":"type-product","3":"status-publish","4":"has-post-thumbnail","6":"product_cat-sobremesa","7":"product_cat-tazas","8":"product_cat-vasos","10":"first","11":"outofstock","12":"featured","13":"shipping-taxable","14":"purchasable","15":"product-type-simple"},"_links":{"self":[{"href":"https:\/\/shop.makario.com.mx\/en\/wp-json\/wp\/v2\/product\/1661","targetHints":{"allow":["GET"]}}],"collection":[{"href":"https:\/\/shop.makario.com.mx\/en\/wp-json\/wp\/v2\/product"}],"about":[{"href":"https:\/\/shop.makario.com.mx\/en\/wp-json\/wp\/v2\/types\/product"}],"replies":[{"embeddable":true,"href":"https:\/\/shop.makario.com.mx\/en\/wp-json\/wp\/v2\/comments?post=1661"}],"wp:featuredmedia":[{"embeddable":true,"href":"https:\/\/shop.makario.com.mx\/en\/wp-json\/wp\/v2\/media\/1662"}],"wp:attachment":[{"href":"https:\/\/shop.makario.com.mx\/en\/wp-json\/wp\/v2\/media?parent=1661"}],"wp:term":[{"taxonomy":"product_brand","embeddable":true,"href":"https:\/\/shop.makario.com.mx\/en\/wp-json\/wp\/v2\/product_brand?post=1661"},{"taxonomy":"product_cat","embeddable":true,"href":"https:\/\/shop.makario.com.mx\/en\/wp-json\/wp\/v2\/product_cat?post=1661"},{"taxonomy":"product_tag","embeddable":true,"href":"https:\/\/shop.makario.com.mx\/en\/wp-json\/wp\/v2\/product_tag?post=1661"}],"curies":[{"name":"wp","href":"https:\/\/api.w.org\/{rel}","templated":true}]}}