{"id":1424,"date":"2021-10-08T13:04:22","date_gmt":"2021-10-08T20:04:22","guid":{"rendered":"https:\/\/shop.makario.com.mx\/?post_type=product&#038;p=1424"},"modified":"2023-10-02T14:04:47","modified_gmt":"2023-10-02T21:04:47","slug":"taza-cappuccino","status":"publish","type":"product","link":"https:\/\/shop.makario.com.mx\/en\/product\/taza-cappuccino\/","title":{"rendered":"Cappuccino Cup"},"content":{"rendered":"","protected":false},"excerpt":{"rendered":"<p>Set de tazas de tama\u00f1o ideal para caf\u00e9 cappuccino; estas piezas tiene el tama\u00f1o y grosor adecuado para conservar la temperatura de tu bebida.<\/p>\n<p>Pieza Individual. \/ Capacidad: 6oz.<\/p>\n<p>100% handmade stoneware.<\/p>","protected":false},"featured_media":2007,"comment_status":"closed","ping_status":"closed","template":"","meta":[],"product_brand":[],"product_cat":[519,526],"product_tag":[],"class_list":{"0":"post-1424","1":"product","2":"type-product","3":"status-publish","4":"has-post-thumbnail","6":"product_cat-sobremesa","7":"product_cat-tazas","9":"first","10":"outofstock","11":"featured","12":"shipping-taxable","13":"purchasable","14":"product-type-simple"},"_links":{"self":[{"href":"https:\/\/shop.makario.com.mx\/en\/wp-json\/wp\/v2\/product\/1424","targetHints":{"allow":["GET"]}}],"collection":[{"href":"https:\/\/shop.makario.com.mx\/en\/wp-json\/wp\/v2\/product"}],"about":[{"href":"https:\/\/shop.makario.com.mx\/en\/wp-json\/wp\/v2\/types\/product"}],"replies":[{"embeddable":true,"href":"https:\/\/shop.makario.com.mx\/en\/wp-json\/wp\/v2\/comments?post=1424"}],"wp:featuredmedia":[{"embeddable":true,"href":"https:\/\/shop.makario.com.mx\/en\/wp-json\/wp\/v2\/media\/2007"}],"wp:attachment":[{"href":"https:\/\/shop.makario.com.mx\/en\/wp-json\/wp\/v2\/media?parent=1424"}],"wp:term":[{"taxonomy":"product_brand","embeddable":true,"href":"https:\/\/shop.makario.com.mx\/en\/wp-json\/wp\/v2\/product_brand?post=1424"},{"taxonomy":"product_cat","embeddable":true,"href":"https:\/\/shop.makario.com.mx\/en\/wp-json\/wp\/v2\/product_cat?post=1424"},{"taxonomy":"product_tag","embeddable":true,"href":"https:\/\/shop.makario.com.mx\/en\/wp-json\/wp\/v2\/product_tag?post=1424"}],"curies":[{"name":"wp","href":"https:\/\/api.w.org\/{rel}","templated":true}]}}